{"id":642,"date":"2015-11-24T05:41:19","date_gmt":"2015-11-24T05:41:19","guid":{"rendered":"http:\/\/cdn.logistics.stylemixthemes.com\/demo\/?page_id=642"},"modified":"2016-11-21T15:28:18","modified_gmt":"2016-11-21T17:28:18","slug":"servicos","status":"publish","type":"page","link":"https:\/\/saudeimport.com.br\/?page_id=642","title":{"rendered":"Servi\u00e7os"},"content":{"rendered":"<p>[vc_row css=&#8221;.vc_custom_1475630896897{margin-bottom: 60px !important;}&#8221;][vc_column width=&#8221;1\/3&#8243;][vc_custom_heading text=&#8221;SOMOS ESPECIALISTAS EM ATENDER VOC\u00ca&#8221; font_container=&#8221;tag:div|font_size:36|text_align:left|color:%2333654a&#8221; google_fonts=&#8221;font_family:Cabin%3Aregular%2Citalic%2C500%2C500italic%2C600%2C600italic%2C700%2C700italic|font_style:700%20bold%20regular%3A700%3Anormal&#8221;][\/vc_column][vc_column width=&#8221;2\/3&#8243;][vc_column_text]A Sa\u00fade Import \u00e9 uma importadora, exportadora, distribuidora de produtos para a sa\u00fade (correlatos), saneantes, cosm\u00e9ticos e incubadora de registros de produtos com especialistas t\u00e9cnicos preparados para dar suporte imediato a parceiros internacionais. Representa\u00e7\u00e3o como Detentora dos Registros no Brasil e qualifica\u00e7\u00e3o de distribuidores.[\/vc_column_text][\/vc_column][\/vc_row][vc_row full_width=&#8221;stretch_row&#8221; css=&#8221;.vc_custom_1475630918394{margin-bottom: 0px !important;padding-top: 80px !important;padding-bottom: 60px !important;background-color: #2b3130 !important;}&#8221;][vc_column][vc_row_inner css=&#8221;.vc_custom_1449136946410{margin-bottom: 0px !important;}&#8221;][vc_column_inner width=&#8221;1\/2&#8243; css=&#8221;.vc_custom_1449136957585{margin-bottom: 35px !important;}&#8221;][vc_wp_text]<strong><span style=\"color: #ffffff;\">\u00a0<\/span><\/strong><strong><span style=\"color: #ffffff;\"><img loading=\"lazy\" class=\"alignnone size-full wp-image-1486\" src=\"http:\/\/saudeimport.com.br\/wp-content\/uploads\/2015\/11\/list-icons.png\" alt=\"list-icons\" width=\"280\" height=\"94\" \/><\/span><\/strong><br \/>\n<strong><span style=\"color: #ffffff; font-size: 36px;\">IMPORTA\u00c7\u00c3O, EXPORTA\u00c7\u00c3O, E DISTRIBUI\u00c7\u00c3O DE PRODUTOS<\/span><\/strong><\/p>\n<p><span style=\"color: #ffffff;\">Localizada estrategicamente e com sede em Bras\u00edlia (capital do Brasil), a Sa\u00fade Import desenvolve principalmente as atividades de importa\u00e7\u00e3o e intermedia\u00e7\u00e3o para a distribui\u00e7\u00e3o de produtos, atrav\u00e9s de solu\u00e7\u00f5es integradas ao processo de acondicionamento e armazenagem, atividades que nos proporcionaram experi\u00eancia e dom\u00ednio de processos para o com\u00e9rcio internacional de Produtos para a Sa\u00fade, Cosm\u00e9ticos e outros segmentos de mercado com completa gest\u00e3o de apoio log\u00edstico.<\/span><\/p>\n<p><span style=\"color: #ffffff;\">A Sa\u00fade Import conta com Licen\u00e7as Sanit\u00e1rias e AFE\u2019s (Autoriza\u00e7\u00f5es de Funcionamento Federais), al\u00e9m de um sistema \u00e1gil para requisi\u00e7\u00e3o e entrega de Cartas para Autoriza\u00e7\u00e3o de Importa\u00e7\u00e3o, garantido por Contrato.<\/span><\/p>\n<p><span style=\"color: #ffffff;\">O Brasil possui uma das maiores economias do mundo, oferecendo \u00f3timas oportunidades para investimentos, parcerias e com\u00e9rcio. A taxa de ROI (retorno sobre investimento) no Brasil \u00e9 bem remunerada, traduzindo-se em retornos compensat\u00f3rios.<\/span>[\/vc_wp_text][\/vc_column_inner][vc_column_inner width=&#8221;1\/2&#8243; css=&#8221;.vc_custom_1449136961602{margin-bottom: 35px !important;}&#8221;][vc_wp_text]<strong><span style=\"color: #ffffff;\"><img loading=\"lazy\" class=\"alignnone size-full wp-image-1487\" src=\"http:\/\/saudeimport.com.br\/wp-content\/uploads\/2015\/11\/icone-saude.png\" alt=\"icone-saude\" width=\"94\" height=\"94\" srcset=\"https:\/\/saudeimport.com.br\/wp-content\/uploads\/2015\/11\/icone-saude.png 94w, https:\/\/saudeimport.com.br\/wp-content\/uploads\/2015\/11\/icone-saude-40x40.png 40w\" sizes=\"(max-width: 94px) 100vw, 94px\" \/><\/span><\/strong><br \/>\n<strong><span style=\"color: #ffffff; font-size: 36px;\">INCUBADORA DEREGISTROS HOSPEDAGEM DE PRODUTOS<\/span><\/strong><\/p>\n<p><span style=\"color: #ffffff;\">A Sa\u00fade Import tem como uma de suas principais atividades (foco central), a<br \/>\nHospedagem de Registros para (Fabricantes Internacionais), fabricantes<br \/>\nestrangeiros que desejam inserir seus produtos no Brasil, um servi\u00e7o de HOSPEDAGEM DE REGISTROS (HOSTING REGISTRATION) , incubando (hospedando) os registros de produtos e equipamentos de fabricantes<br \/>\ninternacionais em seu nome, utilizando de suas licen\u00e7as e autoriza\u00e7\u00f5es federais do governo brasileiro para poder registrar estes produtos na ANVISA, obter os n\u00fameros de registros e consequentemente poder importar e comercializar seus produtos no Brasil.<\/span><\/p>\n<p><span style=\"color: #ffffff;\">A legisla\u00e7\u00e3o sanit\u00e1ria brasileira define as taxas a serem pagas utilizando o porte da empresa, e por se enquadrar como &#8221;pequeno porte&#8221;, a Sa\u00fade Import tem a vantagem do pagamento da taxa de registro em um valor menor, o que agrega o custo-benef\u00edcio para inser\u00e7\u00e3o de novos produtos no Brasil atrav\u00e9s da hospedagem de registro.<\/span>[\/vc_wp_text][\/vc_column_inner][\/vc_row_inner][\/vc_column][\/vc_row][vc_row css=&#8221;.vc_custom_1475631877746{margin-top: 80px !important;}&#8221;][vc_column width=&#8221;2\/3&#8243;][vc_custom_heading text=&#8221;Queremos saber mais sobre o seu projeto&#8221; font_container=&#8221;tag:div|font_size:30|text_align:left|color:%2333654a&#8221; google_fonts=&#8221;font_family:Cabin%3Aregular%2Citalic%2C500%2C500italic%2C600%2C600italic%2C700%2C700italic|font_style:400%20regular%3A400%3Anormal&#8221;][\/vc_column][vc_column width=&#8221;1\/3&#8243;][vc_btn title=&#8221;Fale Conosco&#8221; shape=&#8221;square&#8221; color=&#8221;warning&#8221; i_align=&#8221;right&#8221; i_icon_fontawesome=&#8221;fa fa-angle-right&#8221; add_icon=&#8221;true&#8221;][\/vc_column][\/vc_row]<\/p>\n","protected":false},"excerpt":{"rendered":"<p>[vc_row css=&#8221;.vc_custom_1475630896897{margin-bottom: 60px !important;}&#8221;][vc_column width=&#8221;1\/3&#8243;][vc_custom_heading text=&#8221;SOMOS ESPECIALISTAS EM ATENDER VOC\u00ca&#8221; font_container=&#8221;tag:div|font_size:36|text_align:left|color:%2333654a&#8221; google_fonts=&#8221;font_family:Cabin%3Aregular%2Citalic%2C500%2C500italic%2C600%2C600italic%2C700%2C700italic|font_style:700%20bold%20regular%3A700%3Anormal&#8221;][\/vc_column][vc_column width=&#8221;2\/3&#8243;][vc_column_text]A Sa\u00fade Import \u00e9 uma importadora, exportadora, distribuidora de produtos para a sa\u00fade (correlatos), saneantes, cosm\u00e9ticos e incubadora de registros de&#8230;<\/p>\n","protected":false},"author":1,"featured_media":0,"parent":0,"menu_order":0,"comment_status":"closed","ping_status":"closed","template":"","meta":[],"_links":{"self":[{"href":"https:\/\/saudeimport.com.br\/index.php?rest_route=\/wp\/v2\/pages\/642"}],"collection":[{"href":"https:\/\/saudeimport.com.br\/index.php?rest_route=\/wp\/v2\/pages"}],"about":[{"href":"https:\/\/saudeimport.com.br\/index.php?rest_route=\/wp\/v2\/types\/page"}],"author":[{"embeddable":true,"href":"https:\/\/saudeimport.com.br\/index.php?rest_route=\/wp\/v2\/users\/1"}],"replies":[{"embeddable":true,"href":"https:\/\/saudeimport.com.br\/index.php?rest_route=%2Fwp%2Fv2%2Fcomments&post=642"}],"version-history":[{"count":19,"href":"https:\/\/saudeimport.com.br\/index.php?rest_route=\/wp\/v2\/pages\/642\/revisions"}],"predecessor-version":[{"id":1490,"href":"https:\/\/saudeimport.com.br\/index.php?rest_route=\/wp\/v2\/pages\/642\/revisions\/1490"}],"wp:attachment":[{"href":"https:\/\/saudeimport.com.br\/index.php?rest_route=%2Fwp%2Fv2%2Fmedia&parent=642"}],"curies":[{"name":"wp","href":"https:\/\/api.w.org\/{rel}","templated":true}]}}