{"id":442,"date":"2015-11-17T05:09:58","date_gmt":"2015-11-17T05:09:58","guid":{"rendered":"http:\/\/cdn.logistics.stylemixthemes.com\/demo\/?page_id=442"},"modified":"2022-04-06T10:20:49","modified_gmt":"2022-04-06T13:20:49","slug":"fale-conosco","status":"publish","type":"page","link":"https:\/\/saudeimport.com.br\/?page_id=442","title":{"rendered":"Fale Conosco"},"content":{"rendered":"<p>[vc_row css=&#8221;.vc_custom_1449207080478{margin-bottom: 60px !important;}&#8221;][vc_column offset=&#8221;vc_col-lg-4 vc_col-md-4&#8243; css=&#8221;.vc_custom_1449207085340{margin-bottom: 30px !important;}&#8221;][vc_column_text]<\/p>\n<h2 style=\"text-align: left; font-size: 36px; color: #33654a; font-family: Cabin; font-weight: bold;\">QUEREMOS SABER MAIS SOBRE O SEU PROJETO<\/h2>\n<p><strong style=\"color: #808080;\">SEDE &#8211; BRAS\u00cdLIA, DF<\/strong><\/p>\n<p>QE 46, \u00e1rea especial 3, Guar\u00e1 II, Bras\u00edlia \u2013DF, CEP 71070-649<\/p>\n<p>+55 (61)\u00a099998-6673\/99115-9196<\/p>\n<p>franklin@saudeimport.com.br<br \/>\ncontato@saudeimport.com.br[\/vc_column_text][\/vc_column][vc_column offset=&#8221;vc_col-lg-8 vc_col-md-8&#8243; css=&#8221;.vc_custom_1475632958982{margin-top: 50px !important;margin-bottom: 30px !important;}&#8221;][vc_column_text][fc id=&#8217;1&#8242; align=&#8217;center&#8217;][\/fc][\/vc_column_text][\/vc_column][\/vc_row]<\/p>\n","protected":false},"excerpt":{"rendered":"<p>[vc_row css=&#8221;.vc_custom_1449207080478{margin-bottom: 60px !important;}&#8221;][vc_column offset=&#8221;vc_col-lg-4 vc_col-md-4&#8243; css=&#8221;.vc_custom_1449207085340{margin-bottom: 30px !important;}&#8221;][vc_column_text] QUEREMOS SABER MAIS SOBRE O SEU PROJETO SEDE &#8211; BRAS\u00cdLIA, DF QE 46, \u00e1rea especial 3, Guar\u00e1 II, Bras\u00edlia \u2013DF, CEP 71070-649 +55 (61)\u00a099998-6673\/99115-9196&#8230;<\/p>\n","protected":false},"author":1,"featured_media":0,"parent":0,"menu_order":0,"comment_status":"closed","ping_status":"closed","template":"","meta":[],"_links":{"self":[{"href":"https:\/\/saudeimport.com.br\/index.php?rest_route=\/wp\/v2\/pages\/442"}],"collection":[{"href":"https:\/\/saudeimport.com.br\/index.php?rest_route=\/wp\/v2\/pages"}],"about":[{"href":"https:\/\/saudeimport.com.br\/index.php?rest_route=\/wp\/v2\/types\/page"}],"author":[{"embeddable":true,"href":"https:\/\/saudeimport.com.br\/index.php?rest_route=\/wp\/v2\/users\/1"}],"replies":[{"embeddable":true,"href":"https:\/\/saudeimport.com.br\/index.php?rest_route=%2Fwp%2Fv2%2Fcomments&post=442"}],"version-history":[{"count":15,"href":"https:\/\/saudeimport.com.br\/index.php?rest_route=\/wp\/v2\/pages\/442\/revisions"}],"predecessor-version":[{"id":26698,"href":"https:\/\/saudeimport.com.br\/index.php?rest_route=\/wp\/v2\/pages\/442\/revisions\/26698"}],"wp:attachment":[{"href":"https:\/\/saudeimport.com.br\/index.php?rest_route=%2Fwp%2Fv2%2Fmedia&parent=442"}],"curies":[{"name":"wp","href":"https:\/\/api.w.org\/{rel}","templated":true}]}}