{"id":1269,"date":"2015-10-21T07:42:32","date_gmt":"2015-10-21T07:42:32","guid":{"rendered":"http:\/\/cdn.logistics.stylemixthemes.com\/demo\/?page_id=2"},"modified":"2022-04-06T10:19:06","modified_gmt":"2022-04-06T13:19:06","slug":"home","status":"publish","type":"page","link":"https:\/\/saudeimport.com.br\/","title":{"rendered":"Home"},"content":{"rendered":"<p>[vc_row full_width=&#8221;stretch_row_content_no_spaces&#8221; css=&#8221;.vc_custom_1445941555299{margin-bottom: 0px !important;}&#8221;][vc_column][rev_slider_vc alias=&#8221;main_slider&#8221;][\/vc_column][\/vc_row][vc_row full_width=&#8221;stretch_row&#8221; el_class=&#8221;base_bg_color no_overflow_hidden&#8221; css=&#8221;.vc_custom_1448432556856{margin-bottom: 80px !important;}&#8221;][vc_column width=&#8221;1\/4&#8243; offset=&#8221;vc_hidden-xs&#8221;][stm_rev_slider_nav title=&#8221;Incubadora de Registros&#8221; icon=&#8221;stm-warehouse&#8221; slide_number=&#8221;4&#8243;][\/vc_column][vc_column width=&#8221;1\/4&#8243; offset=&#8221;vc_hidden-xs&#8221;][stm_rev_slider_nav title=&#8221;Importa\u00e7\u00e3o&#8221; icon=&#8221;fa fa-ship&#8221; slide_number=&#8221;1&#8243;][\/vc_column][vc_column width=&#8221;1\/4&#8243; offset=&#8221;vc_hidden-xs&#8221;][stm_rev_slider_nav title=&#8221;Exporta\u00e7\u00e3o&#8221; icon=&#8221;fa fa-plane&#8221; slide_number=&#8221;2&#8243;][\/vc_column][vc_column width=&#8221;1\/4&#8243; offset=&#8221;vc_hidden-xs&#8221;][stm_rev_slider_nav title=&#8221;Distribui\u00e7\u00e3o&#8221; icon=&#8221;stm-car59&#8243; slide_number=&#8221;3&#8243;][\/vc_column][\/vc_row][vc_row css=&#8221;.vc_custom_1450264294682{margin-bottom: 80px !important;}&#8221;][vc_column offset=&#8221;vc_col-lg-6 vc_col-md-6&#8243;][vc_column_text]<\/p>\n<h2><span style=\"font-weight: bold; color: #33654a; font-size: 36px; font-family: cabin;\">QUEM SOMOS<\/span><\/h2>\n<p>Localizada estrategicamente e com sede em Bras\u00edlia (capital do Brasil), a Sa\u00fade Import desenvolve principalmente as atividades de importa\u00e7\u00e3o e intermedia\u00e7\u00e3o para a distribui\u00e7\u00e3o de produtos, atrav\u00e9s de solu\u00e7\u00f5es integradas ao processo de acondicionamento e armazenagem, atividades que nos proporcionaram experi\u00eancia e dom\u00ednio de processos para o com\u00e9rcio internacional de Produtos para a Sa\u00fade, Cosm\u00e9ticos e outros segmentos de mercado com completa gest\u00e3o de apoio log\u00edstico.[\/vc_column_text][\/vc_column][vc_column offset=&#8221;vc_col-lg-6 vc_col-md-6 vc_hidden-sm vc_hidden-xs&#8221;][vc_single_image image=&#8221;1457&#8243; img_size=&#8221;full&#8221; alignment=&#8221;center&#8221;][\/vc_column][\/vc_row][vc_row full_width=&#8221;stretch_row&#8221; equal_height=&#8221;yes&#8221; parallax=&#8221;content-moving&#8221; parallax_image=&#8221;1331&#8243; el_class=&#8221;convert_to_table overlay&#8221; css=&#8221;.vc_custom_1475586588122{margin-bottom: 0px !important;}&#8221;][vc_column width=&#8221;2\/3&#8243; css=&#8221;.vc_custom_1450330273622{padding-top: 60px !important;padding-right: 0px !important;padding-bottom: 60px !important;}&#8221;][vc_custom_heading text=&#8221;Excel\u00eancia em Armazenagem e Distribui\u00e7\u00e3o&#8221; font_container=&#8221;tag:h2|font_size:36|text_align:left|color:%2333654a&#8221; use_theme_fonts=&#8221;yes&#8221; el_class=&#8221;base_font_color heading_without_line&#8221;][vc_column_text]Temos Certificado de Boas Pr\u00e1ticas de Armazenamento e Distribui\u00e7\u00e3o de Produtos de Sa\u00fade &#8211; RDC16, cencedido pela Ag\u00eancia Nacional de Vigil\u00e2ncia Sanit\u00e1ria.[\/vc_column_text][vc_btn title=&#8221;SAIBA MAIS&#8221; style=&#8221;flat&#8221; shape=&#8221;square&#8221; color=&#8221;warning&#8221; i_align=&#8221;right&#8221; i_icon_fontawesome=&#8221;stm-arrow-next&#8221; add_icon=&#8221;true&#8221;][\/vc_column][vc_column width=&#8221;1\/3&#8243; css=&#8221;.vc_custom_1450765525367{background-position: center !important;background-repeat: no-repeat !important;background-size: contain !important;}&#8221; offset=&#8221;vc_hidden-md vc_hidden-sm vc_hidden-xs&#8221;][\/vc_column][\/vc_row][vc_row full_width=&#8221;stretch_row&#8221; css=&#8221;.vc_custom_1475606716068{margin-bottom: 0px !important;margin-left: 0px !important;background-color: #f7f7f7 !important;}&#8221; el_class=&#8221;reset-sm-paddings&#8221;][vc_column css=&#8221;.vc_custom_1450444940366{padding-top: 80px !important;padding-bottom: 31px !important;}&#8221; offset=&#8221;vc_col-lg-5 vc_col-md-6&#8243;][vc_custom_heading text=&#8221;nosso diferencial&#8221; font_container=&#8221;tag:h2|font_size:36|text_align:left|color:%2333654a&#8221; use_theme_fonts=&#8221;yes&#8221;][vc_column_text]Lorem ipsum dolor sit amet, consectetur adipiscing elit. Sed ac leo lectus. Nam enim nibh, hendrerit et iaculis at, volutpat in[\/vc_column_text][vc_row_inner css=&#8221;.vc_custom_1449127190171{margin-bottom: 0px !important;}&#8221; el_class=&#8221;reset-sm-paddings&#8221;][vc_column_inner width=&#8221;1\/2&#8243; css=&#8221;.vc_custom_1450423994691{margin-bottom: 44px !important;}&#8221; offset=&#8221;vc_col-xs-12&#8243;][stm_icon icon_position=&#8221;icon_position_left&#8221; icon_size=&#8221;75&#8243; icon_width=&#8221;95&#8243; title_font_size=&#8221;14&#8243; title_font_weight=&#8221;600&#8243; title=&#8221;Importa\u00e7\u00e3o&#8221; title_color=&#8221;#183650&#8243; text_color=&#8221;#183650&#8243; icon=&#8221;stm-transport841&#8243;][\/vc_column_inner][vc_column_inner width=&#8221;1\/2&#8243; css=&#8221;.vc_custom_1450423999162{margin-bottom: 44px !important;}&#8221; offset=&#8221;vc_col-xs-12&#8243;][stm_icon icon_position=&#8221;icon_position_left&#8221; icon_size=&#8221;71&#8243; icon_width=&#8221;95&#8243; title_font_size=&#8221;14&#8243; title_font_weight=&#8221;600&#8243; title=&#8221;Distribui\u00e7\u00e3o&#8221; title_color=&#8221;#183650&#8243; text_color=&#8221;#183650&#8243; icon=&#8221;stm-transport852&#8243;][\/vc_column_inner][\/vc_row_inner][vc_row_inner css=&#8221;.vc_custom_1449127193884{margin-bottom: 0px !important;}&#8221; el_class=&#8221;reset-sm-paddings&#8221;][vc_column_inner width=&#8221;1\/2&#8243; css=&#8221;.vc_custom_1450424067703{margin-bottom: 44px !important;}&#8221; offset=&#8221;vc_col-xs-12&#8243;][stm_icon icon_position=&#8221;icon_position_left&#8221; icon_size=&#8221;75&#8243; icon_width=&#8221;95&#8243; title_font_size=&#8221;14&#8243; title_font_weight=&#8221;600&#8243; title=&#8221;Exporta\u00e7\u00e3o&#8221; title_color=&#8221;#183650&#8243; text_color=&#8221;#183650&#8243; icon=&#8221;stm-transport847&#8243;][\/vc_column_inner][vc_column_inner width=&#8221;1\/2&#8243; css=&#8221;.vc_custom_1450424075450{margin-bottom: 44px !important;}&#8221; offset=&#8221;vc_col-xs-12&#8243;][stm_icon icon_position=&#8221;icon_position_left&#8221; icon_size=&#8221;71&#8243; icon_width=&#8221;95&#8243; title_font_size=&#8221;14&#8243; title_font_weight=&#8221;600&#8243; title=&#8221;Incubadora de Registros&#8221; title_color=&#8221;#183650&#8243; text_color=&#8221;#183650&#8243; icon=&#8221;stm-transport851&#8243;][\/vc_column_inner][\/vc_row_inner][\/vc_column][vc_column offset=&#8221;vc_col-lg-7 vc_col-md-6&#8243; css=&#8221;.vc_custom_1475611937868{padding-top: 80px !important;padding-right: 45px !important;padding-bottom: 76px !important;padding-left: 45px !important;background-color: #2b3130 !important;}&#8221;][vc_custom_heading text=&#8221;Fale Conosco&#8221; font_container=&#8221;tag:h2|font_size:36|text_align:left|color:%23ffffff&#8221; use_theme_fonts=&#8221;yes&#8221;][vc_column_text][fc id=&#8217;1&#8242; align=&#8217;center&#8217;][\/fc][\/vc_column_text][\/vc_column][\/vc_row]<\/p>\n","protected":false},"excerpt":{"rendered":"<p>[vc_row full_width=&#8221;stretch_row_content_no_spaces&#8221; css=&#8221;.vc_custom_1445941555299{margin-bottom: 0px !important;}&#8221;][vc_column][rev_slider_vc alias=&#8221;main_slider&#8221;][\/vc_column][\/vc_row][vc_row full_width=&#8221;stretch_row&#8221; el_class=&#8221;base_bg_color no_overflow_hidden&#8221; css=&#8221;.vc_custom_1448432556856{margin-bottom: 80px !important;}&#8221;][vc_column width=&#8221;1\/4&#8243; offset=&#8221;vc_hidden-xs&#8221;][stm_rev_slider_nav title=&#8221;Incubadora de Registros&#8221; icon=&#8221;stm-warehouse&#8221; slide_number=&#8221;4&#8243;][\/vc_column][vc_column width=&#8221;1\/4&#8243; offset=&#8221;vc_hidden-xs&#8221;][stm_rev_slider_nav title=&#8221;Importa\u00e7\u00e3o&#8221; icon=&#8221;fa fa-ship&#8221; slide_number=&#8221;1&#8243;][\/vc_column][vc_column width=&#8221;1\/4&#8243; offset=&#8221;vc_hidden-xs&#8221;][stm_rev_slider_nav title=&#8221;Exporta\u00e7\u00e3o&#8221; icon=&#8221;fa fa-plane&#8221; slide_number=&#8221;2&#8243;][\/vc_column][vc_column width=&#8221;1\/4&#8243; offset=&#8221;vc_hidden-xs&#8221;][stm_rev_slider_nav&#8230;<\/p>\n","protected":false},"author":1,"featured_media":0,"parent":0,"menu_order":0,"comment_status":"closed","ping_status":"open","template":"","meta":[],"_links":{"self":[{"href":"https:\/\/saudeimport.com.br\/index.php?rest_route=\/wp\/v2\/pages\/1269"}],"collection":[{"href":"https:\/\/saudeimport.com.br\/index.php?rest_route=\/wp\/v2\/pages"}],"about":[{"href":"https:\/\/saudeimport.com.br\/index.php?rest_route=\/wp\/v2\/types\/page"}],"author":[{"embeddable":true,"href":"https:\/\/saudeimport.com.br\/index.php?rest_route=\/wp\/v2\/users\/1"}],"replies":[{"embeddable":true,"href":"https:\/\/saudeimport.com.br\/index.php?rest_route=%2Fwp%2Fv2%2Fcomments&post=1269"}],"version-history":[{"count":66,"href":"https:\/\/saudeimport.com.br\/index.php?rest_route=\/wp\/v2\/pages\/1269\/revisions"}],"predecessor-version":[{"id":26697,"href":"https:\/\/saudeimport.com.br\/index.php?rest_route=\/wp\/v2\/pages\/1269\/revisions\/26697"}],"wp:attachment":[{"href":"https:\/\/saudeimport.com.br\/index.php?rest_route=%2Fwp%2Fv2%2Fmedia&parent=1269"}],"curies":[{"name":"wp","href":"https:\/\/api.w.org\/{rel}","templated":true}]}}